{"id":71,"date":"2017-06-13T09:33:43","date_gmt":"2017-06-13T09:33:43","guid":{"rendered":"https:\/\/demo.themegrill.com\/suffice\/?page_id=71"},"modified":"2025-05-14T07:17:53","modified_gmt":"2025-05-14T07:17:53","slug":"contact-us","status":"publish","type":"page","link":"https:\/\/www.viomedi.com.tr\/index.php\/contact-us\/","title":{"rendered":"\u0130leti\u015fim"},"content":{"rendered":"\n<p><strong>V\u0130OMED\u0130 SA\u011eLIK \u00dcR\u00dcNLER\u0130 SAN. T\u0130C. LTD. \u015eT\u0130.<\/strong><\/p>\n\n\n\n<p><strong>E\u011fitim Mahallesi Sayg\u0131 Sok. No:19\/1 A G\u00f6ztepe Kad\u0131k\u00f6y\/<br>\u0130stanbul \/ T\u00dcRK\u0130YE<\/strong><\/p>\n\n\n\n<p><strong>0 (216) 338 60 65<\/strong><a href=\"tel:0 (216) 338 60 66\"><\/a><\/p>\n\n\n\n<p><strong>0 (216) 338 60 66<\/strong><a href=\"mailto:info@viomedi.com\"><\/a><\/p>\n\n\n\n<p><strong>Depo \u00e7al\u0131\u015fma saatlerimiz: Haftai\u00e7i 09:30 &#8211; 16:30 <\/strong><\/p>\n","protected":false},"excerpt":{"rendered":"<p>V\u0130OMED\u0130 SA\u011eLIK \u00dcR\u00dcNLER\u0130 SAN. T\u0130C. LTD. \u015eT\u0130. E\u011fitim Mahallesi Sayg\u0131 Sok. No:19\/1 A G\u00f6ztepe Kad\u0131k\u00f6y\/\u0130stanbul \/ T\u00dcRK\u0130YE 0 (216) 338 60 65 0 (216) 338 60 66 Depo \u00e7al\u0131\u015fma saatlerimiz: Haftai\u00e7i 09:30 &#8211; 16:30<\/p>\n","protected":false},"author":1,"featured_media":0,"parent":0,"menu_order":0,"comment_status":"closed","ping_status":"closed","template":"","meta":{"footnotes":""},"class_list":["post-71","page","type-page","status-publish","hentry"],"_links":{"self":[{"href":"https:\/\/www.viomedi.com.tr\/index.php\/wp-json\/wp\/v2\/pages\/71","targetHints":{"allow":["GET"]}}],"collection":[{"href":"https:\/\/www.viomedi.com.tr\/index.php\/wp-json\/wp\/v2\/pages"}],"about":[{"href":"https:\/\/www.viomedi.com.tr\/index.php\/wp-json\/wp\/v2\/types\/page"}],"author":[{"embeddable":true,"href":"https:\/\/www.viomedi.com.tr\/index.php\/wp-json\/wp\/v2\/users\/1"}],"replies":[{"embeddable":true,"href":"https:\/\/www.viomedi.com.tr\/index.php\/wp-json\/wp\/v2\/comments?post=71"}],"version-history":[{"count":11,"href":"https:\/\/www.viomedi.com.tr\/index.php\/wp-json\/wp\/v2\/pages\/71\/revisions"}],"predecessor-version":[{"id":802,"href":"https:\/\/www.viomedi.com.tr\/index.php\/wp-json\/wp\/v2\/pages\/71\/revisions\/802"}],"wp:attachment":[{"href":"https:\/\/www.viomedi.com.tr\/index.php\/wp-json\/wp\/v2\/media?parent=71"}],"curies":[{"name":"wp","href":"https:\/\/api.w.org\/{rel}","templated":true}]}}