{"id":368,"date":"2018-04-09T11:43:16","date_gmt":"2018-04-09T11:43:16","guid":{"rendered":"https:\/\/demo.themegrill.com\/suffice\/shop\/"},"modified":"2025-03-25T09:28:18","modified_gmt":"2025-03-25T09:28:18","slug":"shop","status":"publish","type":"page","link":"https:\/\/www.viomedi.com.tr\/index.php\/shop\/","title":{"rendered":"Hakk\u0131m\u0131zda"},"content":{"rendered":"\n<p>\u015eirketimiz V\u0130OMED\u0130 SA\u011eLIK \u00dcR\u00dcNLER\u0130 SAN. T\u0130C. LTD. \u015eT\u0130. kendi tescilli \u2018\u2019 V\u0130OMED\u0130 \u2019\u2019 markas\u0131 ile metal ortopedi \u00fcr\u00fcnleri ithal etmekte olup \u00fclke \u00e7ap\u0131nda t\u00fcm bu \u00fcr\u00fcnlerin pazarlama ve sat\u0131\u015f faaliyetlerini y\u00fcr\u00fctmektedir.<\/p>\n\n\n\n<p>Kuruldu\u011fumuz g\u00fcnden itibaren uygun fiyatl\u0131, kaliteli \u00fcr\u00fcnlerimizi m\u00fc\u015fteri beklentileri do\u011frultusunda pazara sunmak, hizmet kalitesini art\u0131rarak b\u00fcy\u00fcmek as\u0131l hedefimizdir. Bu ama\u00e7la \u00fcr\u00fcnlerimizdeki temel prensip, hayata de\u011fer katmak, hayat\u0131 payla\u015fmak ve hayat\u0131 kolayla\u015ft\u0131rmak olmu\u015ftur.<\/p>\n\n\n\n<p>Viomedi ailesi olarak, m\u00fc\u015fteri memnuniyetini en \u00f6n s\u0131rada tutarak, h\u0131zl\u0131 teslimat anlay\u0131\u015f\u0131yla ihtiya\u00e7lar\u0131n\u0131z\u0131 en k\u0131sa s\u00fcrede temin etmek \u00fczere \u00e7al\u0131\u015fmaktay\u0131z. Uygun fiyatlar\u0131n\u0131n yan\u0131 s\u0131ra \u00fcr\u00fcn kalitesinden \u00f6d\u00fcn vermeyen firmam\u0131z; \u00fcr\u00fcnlerimizi, hem \u00fcretimi sonras\u0131nda fabrikada, hem de m\u00fc\u015fteri sevkiyat\u0131 \u00f6ncesi firmam\u0131zda kontrol edip, sorunsuz bir \u015fekilde i\u015f ortaklar\u0131m\u0131za ula\u015ft\u0131rarak, kurumsal hizmet anlay\u0131\u015f\u0131m\u0131z\u0131 s\u00fcrekli ilerletmeyi ama\u00e7lamaktad\u0131r.<\/p>\n\n\n\n<p>V\u0130OMED\u0130 markas\u0131; gen\u00e7, dinamik, yenilik\u00e7i ekibimiz ve siz m\u00fc\u015fteri deste\u011finiz ile b\u00fcy\u00fcmeye devam edecektir\u2026<\/p>\n\n\n\n<p><strong>KAL\u0130TE STANDARDI<\/strong><\/p>\n\n\n\n<p>\u00dcr\u00fcnlerimiz, hem \u00fcretim sonras\u0131nda fabrikada, hem de m\u00fc\u015fteri sevkiyat\u0131 \u00f6ncesinde firmam\u0131zda kontrol edilerek, \u00e7ift kontrol mekanizmas\u0131 ile sorunsuz bir \u015fekilde i\u015f ortaklar\u0131m\u0131za ve bayilerimize ula\u015ft\u0131r\u0131lmaktad\u0131r.<\/p>\n\n\n\n<p>T\u00fcm \u00fcr\u00fcnlerimiz Avrupa Birli\u011fi CE Standard\u0131na uygun olup, t\u00fcm \u00fcr\u00fcnlerimize ait CE sertifika\/ deklarasyonlar\u0131 bulunmaktad\u0131r.<\/p>\n\n\n\n<p>\u00dcr\u00fcnlerimiz \u00dcTS kay\u0131tl\u0131 olup devlet iade ko\u015fullar\u0131na uygundur.<\/p>\n\n\n\n<p>Bayi ve m\u00fc\u015fterilerimizin sipari\u015fleri, sipari\u015f verildi\u011fi tarihte ya da en ge\u00e7 ertesi g\u00fcn sevk plan\u0131na al\u0131narak, m\u00fc\u015fteri memnuniyeti en \u00fcst seviyede tutulmaktad\u0131r.<\/p>\n\n\n\n<figure class=\"wp-block-image size-large\"><img decoding=\"async\" src=\"https:\/\/www.viomedi.com\/upload\/viomockup.jpg\" alt=\"\"\/><\/figure>\n","protected":false},"excerpt":{"rendered":"<p>\u015eirketimiz V\u0130OMED\u0130 SA\u011eLIK \u00dcR\u00dcNLER\u0130 SAN. T\u0130C. LTD. \u015eT\u0130. kendi tescilli \u2018\u2019 V\u0130OMED\u0130 \u2019\u2019 markas\u0131 ile metal ortopedi \u00fcr\u00fcnleri ithal etmekte olup \u00fclke \u00e7ap\u0131nda t\u00fcm bu \u00fcr\u00fcnlerin pazarlama ve sat\u0131\u015f faaliyetlerini y\u00fcr\u00fctmektedir. Kuruldu\u011fumuz g\u00fcnden itibaren uygun fiyatl\u0131, kaliteli \u00fcr\u00fcnlerimizi m\u00fc\u015fteri beklentileri<\/p>\n","protected":false},"author":1,"featured_media":0,"parent":0,"menu_order":0,"comment_status":"closed","ping_status":"closed","template":"","meta":{"footnotes":""},"class_list":["post-368","page","type-page","status-publish","hentry"],"_links":{"self":[{"href":"https:\/\/www.viomedi.com.tr\/index.php\/wp-json\/wp\/v2\/pages\/368","targetHints":{"allow":["GET"]}}],"collection":[{"href":"https:\/\/www.viomedi.com.tr\/index.php\/wp-json\/wp\/v2\/pages"}],"about":[{"href":"https:\/\/www.viomedi.com.tr\/index.php\/wp-json\/wp\/v2\/types\/page"}],"author":[{"embeddable":true,"href":"https:\/\/www.viomedi.com.tr\/index.php\/wp-json\/wp\/v2\/users\/1"}],"replies":[{"embeddable":true,"href":"https:\/\/www.viomedi.com.tr\/index.php\/wp-json\/wp\/v2\/comments?post=368"}],"version-history":[{"count":4,"href":"https:\/\/www.viomedi.com.tr\/index.php\/wp-json\/wp\/v2\/pages\/368\/revisions"}],"predecessor-version":[{"id":610,"href":"https:\/\/www.viomedi.com.tr\/index.php\/wp-json\/wp\/v2\/pages\/368\/revisions\/610"}],"wp:attachment":[{"href":"https:\/\/www.viomedi.com.tr\/index.php\/wp-json\/wp\/v2\/media?parent=368"}],"curies":[{"name":"wp","href":"https:\/\/api.w.org\/{rel}","templated":true}]}}